{"id":49,"date":"2012-02-29T11:48:32","date_gmt":"2012-02-29T11:48:32","guid":{"rendered":"http:\/\/www.atrico.ee\/aks\/?page_id=49"},"modified":"2024-09-18T14:43:45","modified_gmt":"2024-09-18T11:43:45","slug":"ajalugu","status":"publish","type":"page","link":"https:\/\/www.kultuuriselts.eu\/?page_id=49","title":{"rendered":"Ajalugu"},"content":{"rendered":"<div>Aruk\u00fcla asub 25 km kaugusel Tallinnast, paar aastat tagasi t\u00e4histasime 720 aastat Aruk\u00fcla esmamainimisest. 17.sajandil rajati Aruk\u00fcla m\u00f5is, mille juurde eelmise Eesti Vabariigi ajal rajas Hellema talu Kaarel Eenpalu. 1930.aastail loodi Aruk\u00fcla Aedlinna Heakorraselts ja alustati rahvamaja ehitust. Hoone on t\u00e4nase p\u00e4evani k\u00fcll&nbsp;lammutatud ja rahvamaja tegutseb praegu juba alates 1974. aastast uuemas hoones jagades ruume Raasiku Vallavalitsusega.<\/div>\n<div>MT\u00dc Aruk\u00fcla Kultuuriselts asutati 19.10.1998.aastal. Asutajaliikmeid oli 7: Juhan Trump, Tiina Pall, Krista Tiitmaa, Malle Jaako, \u00dclo Udum\u00e4e, Reet H\u00e4nikene ja Garina Paiste. Tiina Pall ja Krista Tiitmaa on lahkunud kultuuriseltsi liikmest, teised asutajaliikmed on alles. MT\u00dc AKS-i p\u00f5hitegevuseks ja eesm\u00e4rgiks on koordineerida, korraldada ja pakkuda Aruk\u00fcla piirkonnas erinevaid \u00fcritusi igale eale, s\u00e4ilitada ja toetada rahvakultuuri, kaasata uusi liikmeid AKS-i tegevusse.<\/div>\n<div>&nbsp;<\/div>\n<div>AKS-i esimene majandusaasta algas 01.01.1999.aastal. 1999.aasta alguses otsustas Raasiku Vallavalitsus reorganiseerida valla rahvamajade tegevuse ja andis rahvamaja ruumid ning p\u00f5hi- ja v\u00e4ikevahendid \u00fcle tasuta haldamiseks MT\u00dc AKS-ile. Kultuuriseltsi kasutuses on kaldp\u00f5randaga teatrisaal 267 istekohaga ja parketisaal garderoobiga, lauluv\u00e4ljak, kaasaegne k\u00f6\u00f6k koos n\u00f5udega ja kolm lisaruumi. Professionaalse muusika kontserte ja pidulikke vastuv\u00f5tte viime l\u00e4bi m\u00f5isaruumides; suvel&nbsp; korraldame vaba\u00f5hu\u00fcritusi Aruk\u00fcla lauluv\u00e4ljakul ja m\u00f5isapargis.<\/div>\n<div>Seisuga 19. veebruar&nbsp;2017. aasta on meil liikmeid kokku 86. Raha AKS tegevuseks saame kohalikult omavalitsuselt, kuhu me esitame eelarve tulud ja kulud. Eelarve tulude pool koosneb tegevustoetusest, Raasiku VV poolt tellitud \u00fcritustest, projektitoetustest, liikmemaksudest ja saali- ja n\u00f5ude \u00fc\u00fcridest. Kulude poole moodustavad palgad, sots.maksud, sisseostetav raamatupidamisteenus, side- ja kantseleikaubad, tellitud \u00fcritused, transport, ajakirjandus, inventari hooldus, koristusvahendid.<\/div>\n<div>P\u00f5hikohaga t\u00f6\u00f6tajaid 3- tegevdirektor, noorsoot\u00f6\u00f6taja&nbsp;ja puhastusteenistuja\/ perenaine. T\u00f6\u00f6v\u00f5tulepinguga ringijuhendajaid on 15 ja ringe&nbsp;16.<\/div>\n<div>Aruk\u00fcla Kultuuriselts korraldab traditsioonilisi \u00fcritusi, v\u00e4ljas\u00f5ite spaadesse, pidusid, asutuste suvep\u00e4evi ja &nbsp;aastap\u00e4evi, teatrite vastuv\u00f5tte ja v\u00e4ljas\u00f5ite teatritesse, ekskursioone, laagreid, koolitusi ja palju muud,&nbsp;mille kaudu saavad k\u00f5ik &nbsp;huvilised &nbsp;oma soovidele parima teenuse.<\/div>\n","protected":false},"excerpt":{"rendered":"<p>Aruk\u00fcla asub 25 km kaugusel Tallinnast, paar aastat tagasi t\u00e4histasime 720 aastat Aruk\u00fcla esmamainimisest. 17.sajandil rajati Aruk\u00fcla m\u00f5is, mille juurde eelmise Eesti Vabariigi ajal rajas Hellema talu Kaarel Eenpalu. 1930.aastail loodi Aruk\u00fcla Aedlinna Heakorraselts ja alustati rahvamaja ehitust. Hoone on &hellip; <a href=\"https:\/\/www.kultuuriselts.eu\/?page_id=49\">Continue reading <span class=\"meta-nav\">&rarr;<\/span><\/a><\/p>\n","protected":false},"author":1,"featured_media":0,"parent":0,"menu_order":0,"comment_status":"closed","ping_status":"open","template":"","meta":{"_s2mail":"yes","ngg_post_thumbnail":0,"footnotes":""},"class_list":["post-49","page","type-page","status-publish","hentry"],"aioseo_notices":[],"_links":{"self":[{"href":"https:\/\/www.kultuuriselts.eu\/index.php?rest_route=\/wp\/v2\/pages\/49","targetHints":{"allow":["GET"]}}],"collection":[{"href":"https:\/\/www.kultuuriselts.eu\/index.php?rest_route=\/wp\/v2\/pages"}],"about":[{"href":"https:\/\/www.kultuuriselts.eu\/index.php?rest_route=\/wp\/v2\/types\/page"}],"author":[{"embeddable":true,"href":"https:\/\/www.kultuuriselts.eu\/index.php?rest_route=\/wp\/v2\/users\/1"}],"replies":[{"embeddable":true,"href":"https:\/\/www.kultuuriselts.eu\/index.php?rest_route=%2Fwp%2Fv2%2Fcomments&post=49"}],"version-history":[{"count":12,"href":"https:\/\/www.kultuuriselts.eu\/index.php?rest_route=\/wp\/v2\/pages\/49\/revisions"}],"predecessor-version":[{"id":3584,"href":"https:\/\/www.kultuuriselts.eu\/index.php?rest_route=\/wp\/v2\/pages\/49\/revisions\/3584"}],"wp:attachment":[{"href":"https:\/\/www.kultuuriselts.eu\/index.php?rest_route=%2Fwp%2Fv2%2Fmedia&parent=49"}],"curies":[{"name":"wp","href":"https:\/\/api.w.org\/{rel}","templated":true}]}}