{"id":42,"date":"2012-02-29T09:49:46","date_gmt":"2012-02-29T09:49:46","guid":{"rendered":"http:\/\/www.atrico.ee\/aks\/?page_id=42"},"modified":"2024-09-18T14:46:24","modified_gmt":"2024-09-18T11:46:24","slug":"liikmele-ja-isetegevuslasele","status":"publish","type":"page","link":"https:\/\/www.kultuuriselts.eu\/?page_id=42","title":{"rendered":"Liikmele ja Isetegevuslasele"},"content":{"rendered":"<p>Isetegevuslastele!<\/p>\n<p>MT\u00dc Aruk\u00fcla Kultuuriselts tervitab ja t\u00e4nab k\u00f5iki isetegevuslasi, kes terve aasta otsa k\u00e4isid rahvamajas kultuuri tegemas. Te olite tublid. Kohtume s\u00fcgisel!<\/p>\n<p>Juhendajatele soovin j\u00e4rjepidevust, kannatlikkust, naeratust, s\u00fcdamlikkust, uusi ideid ja m\u00f5tteid, Lauljatele, tantsijatele, n\u00e4itlejatele, pillim\u00e4ngijatele, kangakudujatele, v\u00f5imlejatele ja ajalehe toimetajatele soovin kindlameelsust, kohusetundlikkust, teistega arvestamist ja r\u00f5\u00f5msameelsust. Kohtume uuel hoo-ajal s\u00fcgisel.<\/p>\n<p>MT\u00dc AKS-i liikmeid 28.06.2024.a. sesiuga 76.<\/p>\n<p>Tulge ja teeme koos kultuuri. Tervitustega Garina Toomingas, MT\u00dc AKS tegevjuht.<\/p>\n<h3>MT\u00dc AKS-i teated.<\/h3>\n<p>See on selline link, kust AKS liige v\u00f5i isetegevuslane leiab p\u00e4evakohaste&nbsp;teemade kohta &nbsp;infot, nii AKS tegemiste v\u00f5i ringitegevuste kohta, kui on kiire teade. Muidu leiab infot ringitegevuste kohta link Huviringid alt.<\/p>\n<p><strong>Kes on AKS liige:<\/strong>&nbsp;Aruk\u00fcla Kultuuriseltsi liige on inimene v\u00f5i isetegevuslane, kes on astunud liikmeks avalduse alusel ja on tasunud vastavalt p\u00f5hikirjale sisseastumismaksu ja aastase liikmemaksu. 01.01.2012.&nbsp;on sisseastumismaks 3 eurot ja liikmemaks&nbsp; 3 eurot. Sisseastumismaks on \u00fchekordne. &nbsp;AKS s\u00fcnnip\u00e4evakuul, oktoobris, on v\u00f5imalik liikmeks astuda soodushinnaga, s.t. , et maksad ainult sisseastumismasku, liikmemaksu maksad jooksva aasta eest, jaanuarist juunini. \u00dclej\u00e4\u00e4nud 11 kuul saad liikmeks astuda igal ajal, makstes vastavalt p\u00f5hikirjale sisseastumismaksu ja liikmemaksu. Liikmemaksu maksmata j\u00e4tmisel on juhatusel \u00f5igus liige kultuuriseltsist v\u00e4lja arvata. Aks-i liikmele kingitakse AKS-i s\u00fcnnip\u00e4evapeol liikmekaart, mis on kehtiv kohalikus kultuurielus soodustuste tegemisel.<\/p>\n<p>Harjumaa P\u00f5lvkondade Peo \u201cHoia ja hooli\u201d \u00f5nnestumise eest t\u00e4nan loovjuhte: Janne Kuuskla, Liivi Siil, Linda Pihu, Evi Tomingas, \u00dclle Raud, meeskonda: Ardo Niinre, Alari Kruusvall, Maarja-Ly Teino, Maarja Leok, Helle Vaga, Mai Erbe, Bret Velberk, Jarko Kuub, Martin M\u00f6llits, Kaidi Kaldas, &nbsp;Mare K\u00e4es, Toomas Kuuskla, Andre Sepp, Artur Sepp, Andrus R\u00e4hni, Helgi Vain, Ulvi Voogla, Merike Hallik, Ruth J\u00fcrisalu, Alexei Aleksejev, \u00dclo Udum\u00e4e, esinejaid k\u00f5ikidest valdadest, soliste, dirigente, ettev\u00f5tteid; &nbsp;Arti Sepp ja Kuup3, Heido Uesson ja Ortwil O\u00dc, Gravex Balti O\u00dc, toetajaid: Raasiku VV, HOL, Eesti Kultuurkapital, Rahvakultuurikeskus, Harjumaa Kultuurikorraldajate Liit, MT\u00dc AKS.&nbsp;<span style=\"font-size: 12px;\">Peakorraldaja Garina Toomingas<\/span><\/p>\n<p>Memmede tantsur\u00fchm \u201cPihlakobar\u201d tantsijad ja juhendaja Evi Tomingas t\u00e4navad 10 juubelipeo korraldamise eest asutusi ja inimesi: Eesti Kultuurkapital Harjumaa Ekspertgrupp, Raasiku VV, Rahvakultuuri Keskus, MT\u00dc Aruk\u00fcla Kultuuriselts, Henri Reeder, Henry Kari, Ingrid Teino, Viive Reinhold, Tiiu Saarem, \u00dclo Udum\u00e4e, rahvatantsur\u00fchmasid \u201cLapulised\u201d, \u201cMarike\u201d ja \u201cKr\u00f5\u00f5t\u201d ja juhendajaid Reet H\u00e4nikene ja Janne Kuuskla.<\/p>\n<div id=\"fb-root\">\n<div>\n<p><iframe loading=\"lazy\" id=\"fb_xdm_frame_https\" title=\"Facebook Cross Domain Communication Frame\" src=\"https:\/\/staticxx.facebook.com\/connect\/xd_arbiter\/r\/bz-D0tzmBsw.js?version=42#channel=f2b16cc0937ba44&amp;origin=http%3A%2F%2Fwww.kultuuriselts.eu\" name=\"fb_xdm_frame_https\" width=\"320\" height=\"240\" frameborder=\"0\" scrolling=\"no\"><\/iframe><\/p>\n<\/div>\n<div>&nbsp;<\/div>\n<\/div>\n<p>&nbsp;<\/p>\n","protected":false},"excerpt":{"rendered":"<p>Isetegevuslastele! MT\u00dc Aruk\u00fcla Kultuuriselts tervitab ja t\u00e4nab k\u00f5iki isetegevuslasi, kes terve aasta otsa k\u00e4isid rahvamajas kultuuri tegemas. Te olite tublid. Kohtume s\u00fcgisel! Juhendajatele soovin j\u00e4rjepidevust, kannatlikkust, naeratust, s\u00fcdamlikkust, uusi ideid ja m\u00f5tteid, Lauljatele, tantsijatele, n\u00e4itlejatele, pillim\u00e4ngijatele, kangakudujatele, v\u00f5imlejatele ja ajalehe &hellip; <a href=\"https:\/\/www.kultuuriselts.eu\/?page_id=42\">Continue reading <span class=\"meta-nav\">&rarr;<\/span><\/a><\/p>\n","protected":false},"author":1,"featured_media":0,"parent":0,"menu_order":0,"comment_status":"closed","ping_status":"open","template":"","meta":{"_s2mail":"yes","ngg_post_thumbnail":0,"footnotes":""},"class_list":["post-42","page","type-page","status-publish","hentry"],"aioseo_notices":[],"_links":{"self":[{"href":"https:\/\/www.kultuuriselts.eu\/index.php?rest_route=\/wp\/v2\/pages\/42","targetHints":{"allow":["GET"]}}],"collection":[{"href":"https:\/\/www.kultuuriselts.eu\/index.php?rest_route=\/wp\/v2\/pages"}],"about":[{"href":"https:\/\/www.kultuuriselts.eu\/index.php?rest_route=\/wp\/v2\/types\/page"}],"author":[{"embeddable":true,"href":"https:\/\/www.kultuuriselts.eu\/index.php?rest_route=\/wp\/v2\/users\/1"}],"replies":[{"embeddable":true,"href":"https:\/\/www.kultuuriselts.eu\/index.php?rest_route=%2Fwp%2Fv2%2Fcomments&post=42"}],"version-history":[{"count":28,"href":"https:\/\/www.kultuuriselts.eu\/index.php?rest_route=\/wp\/v2\/pages\/42\/revisions"}],"predecessor-version":[{"id":3585,"href":"https:\/\/www.kultuuriselts.eu\/index.php?rest_route=\/wp\/v2\/pages\/42\/revisions\/3585"}],"wp:attachment":[{"href":"https:\/\/www.kultuuriselts.eu\/index.php?rest_route=%2Fwp%2Fv2%2Fmedia&parent=42"}],"curies":[{"name":"wp","href":"https:\/\/api.w.org\/{rel}","templated":true}]}}