{"id":250,"date":"2012-03-03T14:59:04","date_gmt":"2012-03-03T12:59:04","guid":{"rendered":"http:\/\/www.atrico.ee\/aks\/?page_id=250"},"modified":"2026-02-03T12:15:01","modified_gmt":"2026-02-03T10:15:01","slug":"andmed","status":"publish","type":"page","link":"https:\/\/www.kultuuriselts.eu\/","title":{"rendered":"Andmed"},"content":{"rendered":"<h1>MT\u00dc Aruk\u00fcla Kultuuriseltsi eesm\u00e4rk ja andmed:<\/h1>\n<p>MT\u00dc Aruk\u00fcla Kultuuriselts on loodud 1998.aastal 19. oktoobril Aruk\u00fcla rahvamaja identiteedi hoidjaks, kandjaks, s\u00e4ilitajaks; kultuuritegevuse, rahvakultuuri eesm\u00e4rkide, tegevuste korraldajaks ja &#8220;rahva maja&#8221;&nbsp; heaks haldjaks,&nbsp;&nbsp;koondada enda \u00fcmber aktiivseid inimesi, et koos nendega korda saata p\u00f5nevaid ettev\u00f5tmisi, muutes kultuurielu igap\u00e4evaste toimingute \u00fcheks osaks.<\/p>\n<p>Mittetulundus\u00fching Aruk\u00fcla Kultuuriseltsi tegevdirektor on Garina Toomingas<\/p>\n<p>Juhatusse kuulub viis kultuuriseltsi liiget: alates 29.09.2019.a. esimees Alari Kruusvall, Pille- Riin Ilmets, Age Imala, Henry Kari ja Kristel R\u00e4hni.<\/p>\n<p>Aadress: Tallinna mnt.24 Aruk\u00fcla&nbsp; 75201 Harjumaa<br \/>\ntelefon: 60 70 272, 5292550.<br \/>\nRegistreerimis number 80057480<\/p>\n<p>SEB EE781010002055753002<br \/>\nKoduleht: http:\/\/www.kultuuriselts.eu<br \/>\ne-mail: garina@kultuuriselts.eu<br \/>\nVastuv\u00f5tuajad: kolmap\u00e4eviti kell 12.00- 15.00<br \/>\nneljap\u00e4eviti kell 15.00- 18.00<\/p>\n<p>Aruk\u00fcla Rahvamaja juures t\u00f6\u00f6tab&nbsp; Aruk\u00fcla Noortekeskus<\/p>\n<p>Aruk\u00fcla Noorsoot\u00f6\u00f6taja Eerik Hunt<\/p>\n<p>Telefon:&nbsp;<br \/>\ne- mail:&nbsp;<\/p>\n<p>FB: Aruk\u00fcla Noortekeskus<\/p>\n<p>Instagram: arukyla_noortekeskus<\/p>\n<p>Lahtiolekuajad: E 12.00- 18.00; T 12.00- 18.00; K 12.00- 18.00; N 12.00- 18.00; R&nbsp; projektip\u00e4ev.&nbsp;<\/p>\n","protected":false},"excerpt":{"rendered":"<p>MT\u00dc Aruk\u00fcla Kultuuriseltsi eesm\u00e4rk ja andmed: MT\u00dc Aruk\u00fcla Kultuuriselts on loodud 1998.aastal 19. oktoobril Aruk\u00fcla rahvamaja identiteedi hoidjaks, kandjaks, s\u00e4ilitajaks; kultuuritegevuse, rahvakultuuri eesm\u00e4rkide, tegevuste korraldajaks ja &#8220;rahva maja&#8221;&nbsp; heaks haldjaks,&nbsp;&nbsp;koondada enda \u00fcmber aktiivseid inimesi, et koos nendega korda saata p\u00f5nevaid &hellip; <a href=\"https:\/\/www.kultuuriselts.eu\/\">Continue reading <span class=\"meta-nav\">&rarr;<\/span><\/a><\/p>\n","protected":false},"author":1,"featured_media":0,"parent":0,"menu_order":0,"comment_status":"closed","ping_status":"open","template":"","meta":{"_s2mail":"yes","ngg_post_thumbnail":0,"footnotes":""},"class_list":["post-250","page","type-page","status-publish","hentry"],"aioseo_notices":[],"_links":{"self":[{"href":"https:\/\/www.kultuuriselts.eu\/index.php?rest_route=\/wp\/v2\/pages\/250","targetHints":{"allow":["GET"]}}],"collection":[{"href":"https:\/\/www.kultuuriselts.eu\/index.php?rest_route=\/wp\/v2\/pages"}],"about":[{"href":"https:\/\/www.kultuuriselts.eu\/index.php?rest_route=\/wp\/v2\/types\/page"}],"author":[{"embeddable":true,"href":"https:\/\/www.kultuuriselts.eu\/index.php?rest_route=\/wp\/v2\/users\/1"}],"replies":[{"embeddable":true,"href":"https:\/\/www.kultuuriselts.eu\/index.php?rest_route=%2Fwp%2Fv2%2Fcomments&post=250"}],"version-history":[{"count":35,"href":"https:\/\/www.kultuuriselts.eu\/index.php?rest_route=\/wp\/v2\/pages\/250\/revisions"}],"predecessor-version":[{"id":4464,"href":"https:\/\/www.kultuuriselts.eu\/index.php?rest_route=\/wp\/v2\/pages\/250\/revisions\/4464"}],"wp:attachment":[{"href":"https:\/\/www.kultuuriselts.eu\/index.php?rest_route=%2Fwp%2Fv2%2Fmedia&parent=250"}],"curies":[{"name":"wp","href":"https:\/\/api.w.org\/{rel}","templated":true}]}}