{"id":203,"date":"2012-03-02T08:28:08","date_gmt":"2012-03-02T06:28:08","guid":{"rendered":"http:\/\/www.atrico.ee\/aks\/?page_id=203"},"modified":"2013-09-17T15:46:24","modified_gmt":"2013-09-17T12:46:24","slug":"nukustuudio-apunapp-2","status":"publish","type":"page","link":"https:\/\/www.kultuuriselts.eu\/?page_id=203","title":{"rendered":"Nukustuudio &#8220;\u00c4pun\u00e4pp&#8221;"},"content":{"rendered":"<h1>Nukustuudio &#8220;\u00c4pun\u00e4pp&#8221;<\/h1>\n<p>on v\u00e4lja kasvanud Aruk\u00fcla Noortekoorist. Esimene kokkusaamine oli 2004.a m\u00e4rtsis. Proove teeme korra n\u00e4dalas, enne esinemist aga vastavalt vajadusele. Keegi meist ei ole professionaalne n\u00e4itleja ega muidu \u00fcliandekas kuju. Meile lihtsalt meeldib koos laulda, n\u00e4idelda, m\u00e4ngida ja katsetada uusi asju\/tehnikaid. Seni oleme \u00fcles astunud Aruk\u00fcla Huvialakeskuse \u00fcritustel, AKS-i korraldatud m\u00e4lum\u00e4ngul \u00fcllatusesinejana ning Viljandi Nukuteatrite festivalil. Proovid juba k\u00e4ivad.<\/p>\n<p>Etendused:<br \/>\n&#8220;Kevadine kulup\u00f5leng&#8221; (nukkudena kasutasime vanaemade kootud labakindaid)<br \/>\n&#8220;Hunt Kriimsilma 9 ametit-autojuht&#8221; (etendus pulk-k\u00e4piknukkudega)<br \/>\n&#8220;Armastus esimesest silmapilgust&#8221; (varjuteater)<br \/>\nJ\u00f5uluetendus &#8220;Metsaelanike j\u00f5ulupuu&#8221; (k\u00e4piknukkudega)<\/p>\n<p>\u00c4pun\u00e4pp\u00b4ud:<br \/>\nAge Mets<br \/>\nAita Mets<br \/>\nAlari Kruusvall<br \/>\nAngela Kassmann<br \/>\nAndrus R\u00e4hni<br \/>\nHenry Liimal<br \/>\nJako Reinaste<br \/>\nJohanna J\u00fcssi<br \/>\nJ\u00fcrnas R\u00e4hni<\/p>\n","protected":false},"excerpt":{"rendered":"<p>Nukustuudio &#8220;\u00c4pun\u00e4pp&#8221; on v\u00e4lja kasvanud Aruk\u00fcla Noortekoorist. Esimene kokkusaamine oli 2004.a m\u00e4rtsis. Proove teeme korra n\u00e4dalas, enne esinemist aga vastavalt vajadusele. Keegi meist ei ole professionaalne n\u00e4itleja ega muidu \u00fcliandekas kuju. Meile lihtsalt meeldib koos laulda, n\u00e4idelda, m\u00e4ngida ja katsetada &hellip; <a href=\"https:\/\/www.kultuuriselts.eu\/?page_id=203\">Continue reading <span class=\"meta-nav\">&rarr;<\/span><\/a><\/p>\n","protected":false},"author":1,"featured_media":0,"parent":52,"menu_order":0,"comment_status":"closed","ping_status":"open","template":"","meta":{"_s2mail":"yes","ngg_post_thumbnail":0,"footnotes":""},"class_list":["post-203","page","type-page","status-publish","hentry"],"aioseo_notices":[],"_links":{"self":[{"href":"https:\/\/www.kultuuriselts.eu\/index.php?rest_route=\/wp\/v2\/pages\/203","targetHints":{"allow":["GET"]}}],"collection":[{"href":"https:\/\/www.kultuuriselts.eu\/index.php?rest_route=\/wp\/v2\/pages"}],"about":[{"href":"https:\/\/www.kultuuriselts.eu\/index.php?rest_route=\/wp\/v2\/types\/page"}],"author":[{"embeddable":true,"href":"https:\/\/www.kultuuriselts.eu\/index.php?rest_route=\/wp\/v2\/users\/1"}],"replies":[{"embeddable":true,"href":"https:\/\/www.kultuuriselts.eu\/index.php?rest_route=%2Fwp%2Fv2%2Fcomments&post=203"}],"version-history":[{"count":4,"href":"https:\/\/www.kultuuriselts.eu\/index.php?rest_route=\/wp\/v2\/pages\/203\/revisions"}],"predecessor-version":[{"id":909,"href":"https:\/\/www.kultuuriselts.eu\/index.php?rest_route=\/wp\/v2\/pages\/203\/revisions\/909"}],"up":[{"embeddable":true,"href":"https:\/\/www.kultuuriselts.eu\/index.php?rest_route=\/wp\/v2\/pages\/52"}],"wp:attachment":[{"href":"https:\/\/www.kultuuriselts.eu\/index.php?rest_route=%2Fwp%2Fv2%2Fmedia&parent=203"}],"curies":[{"name":"wp","href":"https:\/\/api.w.org\/{rel}","templated":true}]}}