{"id":194,"date":"2012-03-02T08:26:45","date_gmt":"2012-03-02T06:26:45","guid":{"rendered":"http:\/\/www.atrico.ee\/aks\/?page_id=194"},"modified":"2012-03-08T10:34:53","modified_gmt":"2012-03-08T08:34:53","slug":"kangakudumisring-2","status":"publish","type":"page","link":"https:\/\/www.kultuuriselts.eu\/?page_id=194","title":{"rendered":"Kangakudumisring"},"content":{"rendered":"<h1>Kangakudumisring<\/h1>\n<p>&nbsp;<\/p>\n<p>Kangakudumist saab \u00f5ppida Aruk\u00fcla rahvamaja tornis II korrusel juhendaja Tiiu Liiv k\u00e4e all. Aeg kokkuleppel tel. 5292550.<\/p>\n","protected":false},"excerpt":{"rendered":"<p>Kangakudumisring &nbsp; Kangakudumist saab \u00f5ppida Aruk\u00fcla rahvamaja tornis II korrusel juhendaja Tiiu Liiv k\u00e4e all. Aeg kokkuleppel tel. 5292550.<\/p>\n","protected":false},"author":1,"featured_media":0,"parent":52,"menu_order":0,"comment_status":"closed","ping_status":"open","template":"","meta":{"_s2mail":"","ngg_post_thumbnail":0,"footnotes":""},"class_list":["post-194","page","type-page","status-publish","hentry"],"aioseo_notices":[],"_links":{"self":[{"href":"https:\/\/www.kultuuriselts.eu\/index.php?rest_route=\/wp\/v2\/pages\/194","targetHints":{"allow":["GET"]}}],"collection":[{"href":"https:\/\/www.kultuuriselts.eu\/index.php?rest_route=\/wp\/v2\/pages"}],"about":[{"href":"https:\/\/www.kultuuriselts.eu\/index.php?rest_route=\/wp\/v2\/types\/page"}],"author":[{"embeddable":true,"href":"https:\/\/www.kultuuriselts.eu\/index.php?rest_route=\/wp\/v2\/users\/1"}],"replies":[{"embeddable":true,"href":"https:\/\/www.kultuuriselts.eu\/index.php?rest_route=%2Fwp%2Fv2%2Fcomments&post=194"}],"version-history":[{"count":2,"href":"https:\/\/www.kultuuriselts.eu\/index.php?rest_route=\/wp\/v2\/pages\/194\/revisions"}],"predecessor-version":[{"id":302,"href":"https:\/\/www.kultuuriselts.eu\/index.php?rest_route=\/wp\/v2\/pages\/194\/revisions\/302"}],"up":[{"embeddable":true,"href":"https:\/\/www.kultuuriselts.eu\/index.php?rest_route=\/wp\/v2\/pages\/52"}],"wp:attachment":[{"href":"https:\/\/www.kultuuriselts.eu\/index.php?rest_route=%2Fwp%2Fv2%2Fmedia&parent=194"}],"curies":[{"name":"wp","href":"https:\/\/api.w.org\/{rel}","templated":true}]}}