{"id":183,"date":"2012-03-02T08:23:32","date_gmt":"2012-03-02T06:23:32","guid":{"rendered":"http:\/\/www.atrico.ee\/aks\/?page_id=183"},"modified":"2019-08-20T14:23:03","modified_gmt":"2019-08-20T11:23:03","slug":"aeroobika-2","status":"publish","type":"page","link":"https:\/\/www.kultuuriselts.eu\/?page_id=183","title":{"rendered":"Aeroobika"},"content":{"rendered":"<h1>Aeroobika, ringtreening, k\u00f5ht- selg- tuhar.<\/h1>\n<h1>T<strong>reeningud toimuvad Aruk\u00fcla rahvamajas<\/strong><\/h1>\n<p><strong>Teisip\u00e4eval kell 20.00- 21.00\u00a0 ringtreening v\u00f5i k\u00f5ht- selg- tuhar. Treener\u00a0 Ketrin<\/strong><\/p>\n<p><strong>Neljap\u00e4eval kell 20.00- 21.00\u00a0 ringtreening v\u00f5i k\u00f5ht- selg- tuhar. Treener\u00a0 Ketrin<\/strong><\/p>\n<p>1 treeningkord maksab 5 eurot.<\/p>\n<p>Ringtreening- fitness treening, kus treenitakse nii j\u00f5u- kui aeroobset vastupidavust. K\u00f5ht- selg- tuhar treenitakse oma j\u00f5u ja massiga.<\/p>\n","protected":false},"excerpt":{"rendered":"<p>Aeroobika, ringtreening, k\u00f5ht- selg- tuhar. Treeningud toimuvad Aruk\u00fcla rahvamajas Teisip\u00e4eval kell 20.00- 21.00\u00a0 ringtreening v\u00f5i k\u00f5ht- selg- tuhar. Treener\u00a0 Ketrin Neljap\u00e4eval kell 20.00- 21.00\u00a0 ringtreening v\u00f5i k\u00f5ht- selg- tuhar. Treener\u00a0 Ketrin 1 treeningkord maksab 5 eurot. Ringtreening- fitness treening, kus &hellip; <a href=\"https:\/\/www.kultuuriselts.eu\/?page_id=183\">Continue reading <span class=\"meta-nav\">&rarr;<\/span><\/a><\/p>\n","protected":false},"author":1,"featured_media":0,"parent":52,"menu_order":0,"comment_status":"closed","ping_status":"open","template":"","meta":{"_s2mail":"yes","ngg_post_thumbnail":0,"footnotes":""},"class_list":["post-183","page","type-page","status-publish","hentry"],"aioseo_notices":[],"_links":{"self":[{"href":"https:\/\/www.kultuuriselts.eu\/index.php?rest_route=\/wp\/v2\/pages\/183","targetHints":{"allow":["GET"]}}],"collection":[{"href":"https:\/\/www.kultuuriselts.eu\/index.php?rest_route=\/wp\/v2\/pages"}],"about":[{"href":"https:\/\/www.kultuuriselts.eu\/index.php?rest_route=\/wp\/v2\/types\/page"}],"author":[{"embeddable":true,"href":"https:\/\/www.kultuuriselts.eu\/index.php?rest_route=\/wp\/v2\/users\/1"}],"replies":[{"embeddable":true,"href":"https:\/\/www.kultuuriselts.eu\/index.php?rest_route=%2Fwp%2Fv2%2Fcomments&post=183"}],"version-history":[{"count":14,"href":"https:\/\/www.kultuuriselts.eu\/index.php?rest_route=\/wp\/v2\/pages\/183\/revisions"}],"predecessor-version":[{"id":544,"href":"https:\/\/www.kultuuriselts.eu\/index.php?rest_route=\/wp\/v2\/pages\/183\/revisions\/544"}],"up":[{"embeddable":true,"href":"https:\/\/www.kultuuriselts.eu\/index.php?rest_route=\/wp\/v2\/pages\/52"}],"wp:attachment":[{"href":"https:\/\/www.kultuuriselts.eu\/index.php?rest_route=%2Fwp%2Fv2%2Fmedia&parent=183"}],"curies":[{"name":"wp","href":"https:\/\/api.w.org\/{rel}","templated":true}]}}